{"id":3617,"date":"2024-06-04T14:48:13","date_gmt":"2024-06-04T14:48:13","guid":{"rendered":"https:\/\/euroqueen.be\/product\/pasquet-venus-ac-accessoires-kit-dinstallation-pour-6-prises\/"},"modified":"2024-10-23T14:40:47","modified_gmt":"2024-10-23T14:40:47","slug":"pasquet-venus-ac-accessoires-kit-dinstallation-pour-6-prises","status":"publish","type":"product","link":"https:\/\/euroqueen.be\/fr\/product\/pasquet-venus-ac-accessoires-kit-dinstallation-pour-6-prises\/","title":{"rendered":"Paquet Venus AC + accessoires + kit d&#8217;installation pour 6 prises"},"content":{"rendered":"<h4><span style=\"color: #000000;\">Ce paquet complet est con\u00e7u pour faciliter l&#8217;installation de votre syst\u00e8me d&#8217;aspiration centralis\u00e9e :<\/span><\/h4>\n<h5><span style=\"color: #000000;\">Aspirateur central Venus<\/span><\/h5>\n<ul>\n<li>aspirateur central puissant avec 1 moteur Ametek<\/li>\n<li>Filtre HEPA<\/li>\n<\/ul>\n<h5><span style=\"color: #000000;\">Accessoires :<\/span><\/h5>\n<ul>\n<li>un tuyau flexible de 9 m, orientable \u00e0 390\u00b0 et une poign\u00e9e en m\u00e9tal<\/li>\n<li>un tube t\u00e9lescopique<\/li>\n<li>une brosse Combi avec syst\u00e8me click noir<\/li>\n<li>une brosse \u00e0 si\u00e8ge et \u00e0 rideau noire<\/li>\n<li>une brosse \u00e0 \u00e9pousseter en crin noir<\/li>\n<li>un suceur plat<\/li>\n<li>un caddy pour les accessoires (toujours tout \u00e0 port\u00e9e de main)<\/li>\n<li>un support de canne mur<\/li>\n<li>un syst\u00e8me de suspension du tuyau<\/li>\n<\/ul>\n<h5><span style=\"color: #000000;\">Mat\u00e9riel d&#8217;installation :<\/span><\/h5>\n<ul>\n<li>Envoyez-nous votre plan de construction sous forme num\u00e9rique et nous calculerons pour vous le mat\u00e9riel d&#8217;installation n\u00e9cessaire.<\/li>\n<li>Prix favorable<\/li>\n<\/ul>\n<p>&nbsp;<\/p>\n<ul>\n<li>Un aspirateur central Venus dure jusqu&#8217;\u00e0 deux fois plus longtemps qu&#8217;un aspirateur central d&#8217;une autre marque.<\/li>\n<li>L&#8217;aspirateur central Venus est un produit belge.<\/li>\n<li>Sur les paquets DIY, une garantie de 3 ans est fournies sur le moteur et les pi\u00e8ces de l&#8217;aspirateur central Venus.<\/li>\n<li>Un manuel d&#8217;installation et une vid\u00e9o r\u00e9alis\u00e9e par un installateur agr\u00e9\u00e9 vous seront envoy\u00e9s sous forme num\u00e9rique. Nous vous aiderons en vous donnant des conseils personnalis\u00e9s si n\u00e9cessaire. <\/li>\n<li>Si vous avez besoin d&#8217;une autre prise ou d&#8217;une autre taille de tuyau flexible, contactez-nous : info@euroqueen.be<\/li>\n<li>Les frais d&#8217;exp\u00e9dition ne sont pas inclus<\/li>\n<li>Possibilit\u00e9 d&#8217;enl\u00e8vement gratuit apr\u00e8s rendez-vous<\/li>\n<li>Livraison rapide<\/li>\n<li>Bon service<\/li>\n<\/ul>\n","protected":false},"excerpt":{"rendered":"<p>Votre syst\u00e8me d&#8217;aspiration central dans un paquet complet. L&#8217;aspiration avec un produit belge contemporain ! Prix sur demande Contactez-nous par e-mail : info@euroqueen.be T\u00e9l. 0032 9 2105210 <\/p>\n","protected":false},"featured_media":2679,"template":"","meta":[],"product_brand":[],"product_cat":[76,143],"product_tag":[],"class_list":{"0":"post-3617","1":"product","2":"type-product","3":"status-publish","4":"has-post-thumbnail","6":"product_cat-aspirateurs-centraux","7":"product_cat-bricolage","8":"product_shipping_class-grandes-dimensions","10":"first","11":"instock","12":"taxable","13":"shipping-taxable","14":"product-type-simple"},"yoast_head":"<!-- This site is optimized with the Yoast SEO plugin v27.5 - https:\/\/yoast.com\/product\/yoast-seo-wordpress\/ -->\n<title>Paquet Venus AC + accessoires + kit d&#039;installation pour 6 prises - EuroQueen<\/title>\n<meta name=\"robots\" content=\"index, follow, max-snippet:-1, max-image-preview:large, max-video-preview:-1\" \/>\n<link rel=\"canonical\" href=\"https:\/\/euroqueen.be\/fr\/product\/pasquet-venus-ac-accessoires-kit-dinstallation-pour-6-prises\/\" \/>\n<meta property=\"og:locale\" content=\"fr_FR\" \/>\n<meta property=\"og:type\" content=\"article\" \/>\n<meta property=\"og:title\" content=\"Paquet Venus AC + accessoires + kit d&#039;installation pour 6 prises - EuroQueen\" \/>\n<meta property=\"og:description\" content=\"Votre syst\u00e8me d&#039;aspiration central dans un paquet complet. L&#039;aspiration avec un produit belge contemporain ! Prix sur demande Contactez-nous par e-mail : info@euroqueen.be T\u00e9l. 0032 9 2105210\" \/>\n<meta property=\"og:url\" content=\"https:\/\/euroqueen.be\/fr\/product\/pasquet-venus-ac-accessoires-kit-dinstallation-pour-6-prises\/\" \/>\n<meta property=\"og:site_name\" content=\"EuroQueen\" \/>\n<meta property=\"article:publisher\" content=\"https:\/\/www.facebook.com\/euroqueencs\" \/>\n<meta property=\"article:modified_time\" content=\"2024-10-23T14:40:47+00:00\" \/>\n<meta property=\"og:image\" content=\"https:\/\/euroqueen.be\/wp-content\/uploads\/2024\/03\/1449146660.jpg\" \/>\n\t<meta property=\"og:image:width\" content=\"800\" \/>\n\t<meta property=\"og:image:height\" content=\"800\" \/>\n\t<meta property=\"og:image:type\" content=\"image\/jpeg\" \/>\n<meta name=\"twitter:card\" content=\"summary_large_image\" \/>\n<meta name=\"twitter:label1\" content=\"Dur\u00e9e de lecture estim\u00e9e\" \/>\n\t<meta name=\"twitter:data1\" content=\"1 minute\" \/>\n<script type=\"application\/ld+json\" class=\"yoast-schema-graph\">{\"@context\":\"https:\\\/\\\/schema.org\",\"@graph\":[{\"@type\":\"WebPage\",\"@id\":\"https:\\\/\\\/euroqueen.be\\\/fr\\\/product\\\/pasquet-venus-ac-accessoires-kit-dinstallation-pour-6-prises\\\/\",\"url\":\"https:\\\/\\\/euroqueen.be\\\/fr\\\/product\\\/pasquet-venus-ac-accessoires-kit-dinstallation-pour-6-prises\\\/\",\"name\":\"Paquet Venus AC + accessoires + kit d'installation pour 6 prises - EuroQueen\",\"isPartOf\":{\"@id\":\"https:\\\/\\\/euroqueen.be\\\/fr\\\/#website\"},\"primaryImageOfPage\":{\"@id\":\"https:\\\/\\\/euroqueen.be\\\/fr\\\/product\\\/pasquet-venus-ac-accessoires-kit-dinstallation-pour-6-prises\\\/#primaryimage\"},\"image\":{\"@id\":\"https:\\\/\\\/euroqueen.be\\\/fr\\\/product\\\/pasquet-venus-ac-accessoires-kit-dinstallation-pour-6-prises\\\/#primaryimage\"},\"thumbnailUrl\":\"https:\\\/\\\/euroqueen.be\\\/wp-content\\\/uploads\\\/2024\\\/03\\\/1449146660.jpg\",\"datePublished\":\"2024-06-04T14:48:13+00:00\",\"dateModified\":\"2024-10-23T14:40:47+00:00\",\"breadcrumb\":{\"@id\":\"https:\\\/\\\/euroqueen.be\\\/fr\\\/product\\\/pasquet-venus-ac-accessoires-kit-dinstallation-pour-6-prises\\\/#breadcrumb\"},\"inLanguage\":\"fr-FR\",\"potentialAction\":[{\"@type\":\"ReadAction\",\"target\":[\"https:\\\/\\\/euroqueen.be\\\/fr\\\/product\\\/pasquet-venus-ac-accessoires-kit-dinstallation-pour-6-prises\\\/\"]}]},{\"@type\":\"ImageObject\",\"inLanguage\":\"fr-FR\",\"@id\":\"https:\\\/\\\/euroqueen.be\\\/fr\\\/product\\\/pasquet-venus-ac-accessoires-kit-dinstallation-pour-6-prises\\\/#primaryimage\",\"url\":\"https:\\\/\\\/euroqueen.be\\\/wp-content\\\/uploads\\\/2024\\\/03\\\/1449146660.jpg\",\"contentUrl\":\"https:\\\/\\\/euroqueen.be\\\/wp-content\\\/uploads\\\/2024\\\/03\\\/1449146660.jpg\",\"width\":800,\"height\":800},{\"@type\":\"BreadcrumbList\",\"@id\":\"https:\\\/\\\/euroqueen.be\\\/fr\\\/product\\\/pasquet-venus-ac-accessoires-kit-dinstallation-pour-6-prises\\\/#breadcrumb\",\"itemListElement\":[{\"@type\":\"ListItem\",\"position\":1,\"name\":\"Home\",\"item\":\"https:\\\/\\\/euroqueen.be\\\/fr\\\/\"},{\"@type\":\"ListItem\",\"position\":2,\"name\":\"Boutique\",\"item\":\"https:\\\/\\\/euroqueen.be\\\/boutique\\\/\"},{\"@type\":\"ListItem\",\"position\":3,\"name\":\"Paquet Venus AC + accessoires + kit d&#8217;installation pour 6 prises\"}]},{\"@type\":\"WebSite\",\"@id\":\"https:\\\/\\\/euroqueen.be\\\/fr\\\/#website\",\"url\":\"https:\\\/\\\/euroqueen.be\\\/fr\\\/\",\"name\":\"EuroQueen\",\"description\":\"Queen of Quality\",\"publisher\":{\"@id\":\"https:\\\/\\\/euroqueen.be\\\/fr\\\/#organization\"},\"potentialAction\":[{\"@type\":\"SearchAction\",\"target\":{\"@type\":\"EntryPoint\",\"urlTemplate\":\"https:\\\/\\\/euroqueen.be\\\/fr\\\/?s={search_term_string}\"},\"query-input\":{\"@type\":\"PropertyValueSpecification\",\"valueRequired\":true,\"valueName\":\"search_term_string\"}}],\"inLanguage\":\"fr-FR\"},{\"@type\":\"Organization\",\"@id\":\"https:\\\/\\\/euroqueen.be\\\/fr\\\/#organization\",\"name\":\"EuroQueen\",\"url\":\"https:\\\/\\\/euroqueen.be\\\/fr\\\/\",\"logo\":{\"@type\":\"ImageObject\",\"inLanguage\":\"fr-FR\",\"@id\":\"https:\\\/\\\/euroqueen.be\\\/fr\\\/#\\\/schema\\\/logo\\\/image\\\/\",\"url\":\"https:\\\/\\\/euroqueen.be\\\/wp-content\\\/uploads\\\/2023\\\/07\\\/euroqueen-favicon.png\",\"contentUrl\":\"https:\\\/\\\/euroqueen.be\\\/wp-content\\\/uploads\\\/2023\\\/07\\\/euroqueen-favicon.png\",\"width\":150,\"height\":150,\"caption\":\"EuroQueen\"},\"image\":{\"@id\":\"https:\\\/\\\/euroqueen.be\\\/fr\\\/#\\\/schema\\\/logo\\\/image\\\/\"},\"sameAs\":[\"https:\\\/\\\/www.facebook.com\\\/euroqueencs\"]}]}<\/script>\n<!-- \/ Yoast SEO plugin. -->","yoast_head_json":{"title":"Paquet Venus AC + accessoires + kit d'installation pour 6 prises - EuroQueen","robots":{"index":"index","follow":"follow","max-snippet":"max-snippet:-1","max-image-preview":"max-image-preview:large","max-video-preview":"max-video-preview:-1"},"canonical":"https:\/\/euroqueen.be\/fr\/product\/pasquet-venus-ac-accessoires-kit-dinstallation-pour-6-prises\/","og_locale":"fr_FR","og_type":"article","og_title":"Paquet Venus AC + accessoires + kit d'installation pour 6 prises - EuroQueen","og_description":"Votre syst\u00e8me d'aspiration central dans un paquet complet. L'aspiration avec un produit belge contemporain ! Prix sur demande Contactez-nous par e-mail : info@euroqueen.be T\u00e9l. 0032 9 2105210","og_url":"https:\/\/euroqueen.be\/fr\/product\/pasquet-venus-ac-accessoires-kit-dinstallation-pour-6-prises\/","og_site_name":"EuroQueen","article_publisher":"https:\/\/www.facebook.com\/euroqueencs","article_modified_time":"2024-10-23T14:40:47+00:00","og_image":[{"width":800,"height":800,"url":"https:\/\/euroqueen.be\/wp-content\/uploads\/2024\/03\/1449146660.jpg","type":"image\/jpeg"}],"twitter_card":"summary_large_image","twitter_misc":{"Dur\u00e9e de lecture estim\u00e9e":"1 minute"},"schema":{"@context":"https:\/\/schema.org","@graph":[{"@type":"WebPage","@id":"https:\/\/euroqueen.be\/fr\/product\/pasquet-venus-ac-accessoires-kit-dinstallation-pour-6-prises\/","url":"https:\/\/euroqueen.be\/fr\/product\/pasquet-venus-ac-accessoires-kit-dinstallation-pour-6-prises\/","name":"Paquet Venus AC + accessoires + kit d'installation pour 6 prises - EuroQueen","isPartOf":{"@id":"https:\/\/euroqueen.be\/fr\/#website"},"primaryImageOfPage":{"@id":"https:\/\/euroqueen.be\/fr\/product\/pasquet-venus-ac-accessoires-kit-dinstallation-pour-6-prises\/#primaryimage"},"image":{"@id":"https:\/\/euroqueen.be\/fr\/product\/pasquet-venus-ac-accessoires-kit-dinstallation-pour-6-prises\/#primaryimage"},"thumbnailUrl":"https:\/\/euroqueen.be\/wp-content\/uploads\/2024\/03\/1449146660.jpg","datePublished":"2024-06-04T14:48:13+00:00","dateModified":"2024-10-23T14:40:47+00:00","breadcrumb":{"@id":"https:\/\/euroqueen.be\/fr\/product\/pasquet-venus-ac-accessoires-kit-dinstallation-pour-6-prises\/#breadcrumb"},"inLanguage":"fr-FR","potentialAction":[{"@type":"ReadAction","target":["https:\/\/euroqueen.be\/fr\/product\/pasquet-venus-ac-accessoires-kit-dinstallation-pour-6-prises\/"]}]},{"@type":"ImageObject","inLanguage":"fr-FR","@id":"https:\/\/euroqueen.be\/fr\/product\/pasquet-venus-ac-accessoires-kit-dinstallation-pour-6-prises\/#primaryimage","url":"https:\/\/euroqueen.be\/wp-content\/uploads\/2024\/03\/1449146660.jpg","contentUrl":"https:\/\/euroqueen.be\/wp-content\/uploads\/2024\/03\/1449146660.jpg","width":800,"height":800},{"@type":"BreadcrumbList","@id":"https:\/\/euroqueen.be\/fr\/product\/pasquet-venus-ac-accessoires-kit-dinstallation-pour-6-prises\/#breadcrumb","itemListElement":[{"@type":"ListItem","position":1,"name":"Home","item":"https:\/\/euroqueen.be\/fr\/"},{"@type":"ListItem","position":2,"name":"Boutique","item":"https:\/\/euroqueen.be\/boutique\/"},{"@type":"ListItem","position":3,"name":"Paquet Venus AC + accessoires + kit d&#8217;installation pour 6 prises"}]},{"@type":"WebSite","@id":"https:\/\/euroqueen.be\/fr\/#website","url":"https:\/\/euroqueen.be\/fr\/","name":"EuroQueen","description":"Queen of Quality","publisher":{"@id":"https:\/\/euroqueen.be\/fr\/#organization"},"potentialAction":[{"@type":"SearchAction","target":{"@type":"EntryPoint","urlTemplate":"https:\/\/euroqueen.be\/fr\/?s={search_term_string}"},"query-input":{"@type":"PropertyValueSpecification","valueRequired":true,"valueName":"search_term_string"}}],"inLanguage":"fr-FR"},{"@type":"Organization","@id":"https:\/\/euroqueen.be\/fr\/#organization","name":"EuroQueen","url":"https:\/\/euroqueen.be\/fr\/","logo":{"@type":"ImageObject","inLanguage":"fr-FR","@id":"https:\/\/euroqueen.be\/fr\/#\/schema\/logo\/image\/","url":"https:\/\/euroqueen.be\/wp-content\/uploads\/2023\/07\/euroqueen-favicon.png","contentUrl":"https:\/\/euroqueen.be\/wp-content\/uploads\/2023\/07\/euroqueen-favicon.png","width":150,"height":150,"caption":"EuroQueen"},"image":{"@id":"https:\/\/euroqueen.be\/fr\/#\/schema\/logo\/image\/"},"sameAs":["https:\/\/www.facebook.com\/euroqueencs"]}]}},"_links":{"self":[{"href":"https:\/\/euroqueen.be\/fr\/wp-json\/wp\/v2\/product\/3617","targetHints":{"allow":["GET"]}}],"collection":[{"href":"https:\/\/euroqueen.be\/fr\/wp-json\/wp\/v2\/product"}],"about":[{"href":"https:\/\/euroqueen.be\/fr\/wp-json\/wp\/v2\/types\/product"}],"wp:featuredmedia":[{"embeddable":true,"href":"https:\/\/euroqueen.be\/fr\/wp-json\/wp\/v2\/media\/2679"}],"wp:attachment":[{"href":"https:\/\/euroqueen.be\/fr\/wp-json\/wp\/v2\/media?parent=3617"}],"wp:term":[{"taxonomy":"product_brand","embeddable":true,"href":"https:\/\/euroqueen.be\/fr\/wp-json\/wp\/v2\/product_brand?post=3617"},{"taxonomy":"product_cat","embeddable":true,"href":"https:\/\/euroqueen.be\/fr\/wp-json\/wp\/v2\/product_cat?post=3617"},{"taxonomy":"product_tag","embeddable":true,"href":"https:\/\/euroqueen.be\/fr\/wp-json\/wp\/v2\/product_tag?post=3617"}],"curies":[{"name":"wp","href":"https:\/\/api.w.org\/{rel}","templated":true}]}}